{"id":847,"date":"2020-09-20T18:56:55","date_gmt":"2020-09-20T16:56:55","guid":{"rendered":"http:\/\/edulis.site\/?page_id=847"},"modified":"2024-03-23T10:17:08","modified_gmt":"2024-03-23T09:17:08","slug":"presentation-du-site","status":"publish","type":"page","link":"https:\/\/edulis.site\/","title":{"rendered":"Pr\u00e9sentation"},"content":{"rendered":"\n<p class=\"has-large-font-size\">Bienvenue sur Edulis, <\/p>\n\n\n\n<p class=\"has-large-font-size\"><strong>Site p\u00e9dagogique destin\u00e9 aux \u00e9l\u00e8ves<\/strong> de lyc\u00e9e g\u00e9n\u00e9ral en France. Ce site n\u2019a aucun usage commercial et ne g\u00e9n\u00e8re pas de revenus. <strong>Il est interdit d\u2019en faire un usage commercial.<\/strong><\/p>\n\n\n\n<p class=\"has-large-font-size\">Sa vocation est d&#8217;aider \u00e0 comprendre et d&#8217;inciter \u00e0 r\u00e9viser le contenu des programmes en Sciences \u00e9conomiques et sociales (SES) et en option Droit et Grands Enjeux du Monde Contemporain (D.G.E.M.C.) jusqu&#8217;au Bac. <\/p>\n\n\n\n<p class=\"has-large-font-size\">Il permet aussi d&#8217;approfondir les \u00e9l\u00e9ments vus en cours vers le post-Bac. <\/p>\n\n\n\n<p class=\"has-large-font-size\">Les documents li\u00e9s aux \u00e9valuations des \u00e9l\u00e8ves sont mis en ligne sur le site officiel de l&#8217;\u00e9tablissement.<\/p>\n\n\n\n<figure class=\"wp-block-image\"><img loading=\"lazy\" width=\"1024\" height=\"576\" src=\"https:\/\/edulis.site\/wp-content\/uploads\/2021\/05\/EDULIS_Ecran_Accueil_003_1-1024x576.jpg\" alt=\"\" class=\"wp-image-5158\" srcset=\"https:\/\/edulis.site\/wp-content\/uploads\/2021\/05\/EDULIS_Ecran_Accueil_003_1-1024x576.jpg 1024w, https:\/\/edulis.site\/wp-content\/uploads\/2021\/05\/EDULIS_Ecran_Accueil_003_1-300x169.jpg 300w, https:\/\/edulis.site\/wp-content\/uploads\/2021\/05\/EDULIS_Ecran_Accueil_003_1-768x432.jpg 768w, https:\/\/edulis.site\/wp-content\/uploads\/2021\/05\/EDULIS_Ecran_Accueil_003_1-600x338.jpg 600w, https:\/\/edulis.site\/wp-content\/uploads\/2021\/05\/EDULIS_Ecran_Accueil_003_1-945x532.jpg 945w, https:\/\/edulis.site\/wp-content\/uploads\/2021\/05\/EDULIS_Ecran_Accueil_003_1.jpg 1263w\" sizes=\"(max-width: 1024px) 100vw, 1024px\" \/><figcaption><em>Cr\u00e9dit photo : PG<\/em><\/figcaption><\/figure>\n\n\n\n<p><\/p>\n","protected":false},"excerpt":{"rendered":"<p>Bienvenue sur Edulis, Site p\u00e9dagogique destin\u00e9 aux \u00e9l\u00e8ves de lyc\u00e9e g\u00e9n\u00e9ral en France. Ce site n\u2019a aucun usage commercial et ne g\u00e9n\u00e8re pas de revenus. Il est interdit d\u2019en faire un usage commercial. Sa vocation est d&#8217;aider \u00e0 comprendre et&#8230; <a class=\"more-link\" href=\"https:\/\/edulis.site\/\">Continue Reading &rarr;<\/a><\/p>\n","protected":false},"author":1,"featured_media":0,"parent":0,"menu_order":0,"comment_status":"closed","ping_status":"closed","template":"","meta":[],"_links":{"self":[{"href":"https:\/\/edulis.site\/index.php?rest_route=\/wp\/v2\/pages\/847"}],"collection":[{"href":"https:\/\/edulis.site\/index.php?rest_route=\/wp\/v2\/pages"}],"about":[{"href":"https:\/\/edulis.site\/index.php?rest_route=\/wp\/v2\/types\/page"}],"author":[{"embeddable":true,"href":"https:\/\/edulis.site\/index.php?rest_route=\/wp\/v2\/users\/1"}],"replies":[{"embeddable":true,"href":"https:\/\/edulis.site\/index.php?rest_route=%2Fwp%2Fv2%2Fcomments&post=847"}],"version-history":[{"count":38,"href":"https:\/\/edulis.site\/index.php?rest_route=\/wp\/v2\/pages\/847\/revisions"}],"predecessor-version":[{"id":15846,"href":"https:\/\/edulis.site\/index.php?rest_route=\/wp\/v2\/pages\/847\/revisions\/15846"}],"wp:attachment":[{"href":"https:\/\/edulis.site\/index.php?rest_route=%2Fwp%2Fv2%2Fmedia&parent=847"}],"curies":[{"name":"wp","href":"https:\/\/api.w.org\/{rel}","templated":true}]}}